{"id":13,"date":"2025-06-16T21:16:03","date_gmt":"2025-06-16T19:16:03","guid":{"rendered":"http:\/\/dtnwtrd.cluster021.hosting.ovh.net\/?page_id=13"},"modified":"2025-07-27T18:45:28","modified_gmt":"2025-07-27T16:45:28","slug":"akademia-odkrywcy-kobylka","status":"publish","type":"page","link":"https:\/\/akademiaodkrywcy.com\/","title":{"rendered":"Strona g\u0142\u00f3wna"},"content":{"rendered":"<div class=\"wp-bootstrap-blocks-row grid\">\n\t\r\n\r\n\n<div class=\"g-col-12 g-col-md-12\">\n\t\t\t\r\n\r\n\r\n<p class=\"bs-wUCkq\">\u00a0<\/p>\r\n\r\n\r\n<style>#gspb_row-id-gsbp-9fdbd8e{justify-content:space-between;margin-top:0px;margin-bottom:0px;display:flex;flex-wrap:wrap;}#gspb_row-id-gsbp-9fdbd8e > .gspb_row__content{display:flex;justify-content:space-between;margin:0 auto;width:100%;flex-wrap:wrap;}.gspb_row{position:relative;}div[id^=gspb_col-id]{box-sizing:border-box;position:relative;}div[id^=gspb_col-id]{padding:var(--gs-row-column-padding,15px min(3vw,20px));}#gspb_row-id-gsbp-9fdbd8e > .gspb_row__content{max-width:1200px;}<\/style>\r\n<div id=\"gspb_row-id-gsbp-9fdbd8e\" class=\"wp-block-greenshift-blocks-row gspb_row gspb_row-id-gsbp-9fdbd8e\">\r\n<div class=\"gspb_row__content\"><style>#gspb_col-id-gsbp-359acf1.gspb_row__col--6{width:50%;}@media (max-width:575.98px){#gspb_col-id-gsbp-359acf1.gspb_row__col--6{width:100%;}}<\/style>\r\n<div id=\"gspb_col-id-gsbp-359acf1\" class=\"wp-block-greenshift-blocks-row-column gspb_row__col--6 gspb_col-id-gsbp-359acf1\"><\/div>\r\n<\/div>\r\n<\/div>\r\n\t<\/div>\n<\/div>\n\r\n\r\n\r\n<p>Akademia Malucha \u201eMali odkrywcy\u201d to miejsce wyj\u0105tkowe, kt\u00f3re zapewni ka\u017cdemu dziecku domowy komfort i bezpiecze\u0144stwo. Razem z opiek\u0105 dzienn\u0105 oferujemy bogaty program zaj\u0119\u0107, kt\u00f3re inspiruj\u0105 dzieci do zdobywania nowych umiej\u0119tno\u015bci i samodzielno\u015bci. Pragniemy pobudzi\u0107 w Maluszkach ciekawo\u015b\u0107 do poznania \u015bwiata, wspierania rozwoju spo\u0142ecznego, emocjonalnego i intelektualnego. Zaj\u0119cia prowadzone s\u0105 metod\u0105 zabawy i dostosowane do wieku dziecka w my\u015bl zasady \u201eBawimy ucz\u0105c, uczymy bawi\u0105c\u201d<\/p>\r\n","protected":false},"excerpt":{"rendered":"<p>Akademia Malucha \u201eMali odkrywcy\u201d to miejsce wyj\u0105tkowe, kt\u00f3re zapewni ka\u017cdemu dziecku domowy komfort i bezpiecze\u0144stwo. Razem z opiek\u0105 dzienn\u0105 oferujemy bogaty program zaj\u0119\u0107, kt\u00f3re inspiruj\u0105 dzieci do zdobywania nowych umiej\u0119tno\u015bci i samodzielno\u015bci. Pragniemy pobudzi\u0107 w Maluszkach ciekawo\u015b\u0107 do poznania \u015bwiata, wspierania rozwoju spo\u0142ecznego, emocjonalnego i intelektualnego. Zaj\u0119cia prowadzone s\u0105 metod\u0105 zabawy i dostosowane do wieku [&hellip;]<\/p>\n","protected":false},"author":1,"featured_media":0,"parent":0,"menu_order":0,"comment_status":"closed","ping_status":"closed","template":"","meta":{"_gspb_post_css":"#gspb_row-id-gsbp-0ca8000,#gspb_row-id-gsbp-ab8b7c1,#gspb_row-id-gsbp-ab8b7c1>.gspb_row__content{justify-content:space-between;display:flex;flex-wrap:wrap;margin:0}#gspb_row-id-gsbp-ab8b7c1{overflow:visible}#gspb_row-id-gsbp-ab8b7c1>.gspb_row__content{margin:0 auto;width:100%}div[id^=gspb_col-id]{box-sizing:border-box;position:relative;padding:var(--gs-row-column-padding, 15px min(3vw, 20px))}#gspb_col-id-gsbp-8c5a152.gspb_row__col--12{width:100%}@media (max-width:575.98px){#gspb_col-id-gsbp-8c5a152.gspb_row__col--12{width:100%}}#gspb_row-id-gsbp-0ca8000{padding:0}#gspb_row-id-gsbp-46d49eb,#gspb_row-id-gsbp-6602140,#gspb_row-id-gsbp-7801cc7{justify-content:space-between;margin-top:0;display:flex;flex-wrap:wrap;margin-bottom:0}#gspb_row-id-gsbp-0ca8000>.gspb_row__content,#gspb_row-id-gsbp-46d49eb>.gspb_row__content{display:flex;justify-content:space-between;margin:0 auto;width:100%;flex-wrap:wrap;max-width:1200px}#gspb_col-id-gsbp-c9b57f3.gspb_row__col--3{width:25%}@media (max-width:991.98px){#gspb_col-id-gsbp-c9b57f3.gspb_row__col--3{width:50%}}@media (max-width:767.98px){#gspb_col-id-gsbp-c9b57f3.gspb_row__col--3{width:50%}}@media (max-width:575.98px){#gspb_col-id-gsbp-c9b57f3.gspb_row__col--3{width:100%}}#gspb_col-id-gsbp-dc077c4.gspb_row__col--3{width:25%}@media (max-width:991.98px){#gspb_col-id-gsbp-dc077c4.gspb_row__col--3{width:50%}}@media (max-width:767.98px){#gspb_col-id-gsbp-dc077c4.gspb_row__col--3{width:50%}}@media (max-width:575.98px){#gspb_col-id-gsbp-dc077c4.gspb_row__col--3{width:100%}}#gspb_col-id-gsbp-fac3f46.gspb_row__col--3{width:25%}@media (max-width:991.98px){#gspb_col-id-gsbp-fac3f46.gspb_row__col--3{width:50%}}@media (max-width:767.98px){#gspb_col-id-gsbp-fac3f46.gspb_row__col--3{width:50%}}@media (max-width:575.98px){#gspb_col-id-gsbp-fac3f46.gspb_row__col--3{width:100%}}#gspb_col-id-gsbp-41adfc7.gspb_row__col--3{width:25%}@media (max-width:991.98px){#gspb_col-id-gsbp-41adfc7.gspb_row__col--3{width:50%}}@media (max-width:767.98px){#gspb_col-id-gsbp-41adfc7.gspb_row__col--3{width:50%}}@media (max-width:575.98px){#gspb_col-id-gsbp-41adfc7.gspb_row__col--3{width:100%}}#gspb_row-id-gsbp-6602140>.gspb_row__content,#gspb_row-id-gsbp-7801cc7>.gspb_row__content{display:flex;justify-content:space-between;margin:0 auto;width:100%;flex-wrap:wrap;max-width:1200px}#gspb_col-id-gsbp-c6a24d6.gspb_row__col--6{width:50%}@media (max-width:991.98px){#gspb_col-id-gsbp-c6a24d6.gspb_row__col--6{width:33.333333333333336%}}@media (max-width:767.98px){#gspb_col-id-gsbp-c6a24d6.gspb_row__col--6{width:100%}}@media (max-width:575.98px){#gspb_col-id-gsbp-c6a24d6.gspb_row__col--6{width:100%}}.gspb_row #gspb_col-id-gsbp-514860d.gspb_row__col--6,.gspb_row #gspb_col-id-gsbp-5628be5.gspb_row__col--6,.gspb_row #gspb_col-id-gsbp-a911a2a.gspb_row__col--6,.gspb_row #gspb_col-id-gsbp-c6a24d6.gspb_row__col--6{margin:0;padding:20px}#gspb_col-id-gsbp-9e2db98.gspb_row__col--6{width:50%}@media (max-width:991.98px){#gspb_col-id-gsbp-9e2db98.gspb_row__col--6{width:66.66666666666667%}}@media (max-width:767.98px){#gspb_col-id-gsbp-9e2db98.gspb_row__col--6{width:100%}}@media (max-width:575.98px){#gspb_col-id-gsbp-9e2db98.gspb_row__col--6{width:100%}}@media (min-width:992px){body.gspb-bodyfront #gspb_col-id-gsbp-9e2db98.gspb_row__col--6{width:calc(40.5% - 0px - 0px)}}body #gspb_col-id-gsbp-87a91bc.gspb_row__col--6,body #gspb_col-id-gsbp-9e2db98.gspb_row__col--6,body #gspb_col-id-gsbp-bb0b30c.gspb_row__col--6,body #gspb_col-id-gsbp-c955367.gspb_row__col--6{display:block}#gspb_row-id-gsbp-7f368db{justify-content:space-between;margin-top:0;display:flex;flex-wrap:wrap;margin-bottom:0}#gspb_row-id-gsbp-7f368db>.gspb_row__content{display:flex;justify-content:space-between;margin:0 auto;width:100%;flex-wrap:wrap;max-width:1200px}#gspb_col-id-gsbp-c955367.gspb_row__col--6{width:50%}@media (max-width:991.98px){#gspb_col-id-gsbp-c955367.gspb_row__col--6{width:66.66666666666667%}}@media (max-width:767.98px){#gspb_col-id-gsbp-c955367.gspb_row__col--6{width:100%}}@media (max-width:575.98px){#gspb_col-id-gsbp-c955367.gspb_row__col--6{width:100%}}@media (min-width:992px){body.gspb-bodyfront #gspb_col-id-gsbp-c955367.gspb_row__col--6{width:calc(40.5% - 0px - 0px)}}#gspb_col-id-gsbp-514860d.gspb_row__col--6{width:50%}@media (max-width:991.98px){#gspb_col-id-gsbp-514860d.gspb_row__col--6{width:33.333333333333336%}}@media (max-width:767.98px){#gspb_col-id-gsbp-514860d.gspb_row__col--6{width:100%}}@media (max-width:575.98px){#gspb_col-id-gsbp-514860d.gspb_row__col--6{width:100%}}#gspb_row-id-gsbp-23d1cbe,#gspb_row-id-gsbp-2fe8744{margin-bottom:0}#gspb_row-id-gsbp-23d1cbe,#gspb_row-id-gsbp-2fe8744,#gspb_row-id-gsbp-59e54fb,#gspb_row-id-gsbp-d29442d,#gspb_row-id-gsbp-dc443d3{justify-content:space-between;margin-top:0;display:flex;flex-wrap:wrap}#gspb_row-id-gsbp-d29442d,#gspb_row-id-gsbp-dc443d3{margin-bottom:0}#gspb_row-id-gsbp-d29442d>.gspb_row__content{display:flex;justify-content:space-between;margin:0 auto;width:100%;flex-wrap:wrap;max-width:1200px}#gspb_col-id-gsbp-5628be5.gspb_row__col--6{width:50%}@media (max-width:991.98px){#gspb_col-id-gsbp-5628be5.gspb_row__col--6{width:33.333333333333336%}}@media (max-width:767.98px){#gspb_col-id-gsbp-5628be5.gspb_row__col--6{width:100%}}@media (max-width:575.98px){#gspb_col-id-gsbp-5628be5.gspb_row__col--6{width:100%}}#gspb_col-id-gsbp-87a91bc.gspb_row__col--6{width:50%}@media (max-width:991.98px){#gspb_col-id-gsbp-87a91bc.gspb_row__col--6{width:66.66666666666667%}}@media (max-width:767.98px){#gspb_col-id-gsbp-87a91bc.gspb_row__col--6{width:100%}}@media (max-width:575.98px){#gspb_col-id-gsbp-87a91bc.gspb_row__col--6{width:100%}}@media (min-width:992px){body.gspb-bodyfront #gspb_col-id-gsbp-87a91bc.gspb_row__col--6{width:calc(40.5% - 0px - 0px)}}#gspb_col-id-gsbp-6a6b923.gspb_row__col--12{width:100%}@media (max-width:575.98px){#gspb_col-id-gsbp-6a6b923.gspb_row__col--12{width:100%}}#gspb_row-id-gsbp-23d1cbe>.gspb_row__content{display:flex;justify-content:space-between;margin:0 auto;width:100%;flex-wrap:wrap;max-width:1200px}#gspb_col-id-gsbp-f34ecce.gspb_row__col--6{width:50%}@media (max-width:991.98px){#gspb_col-id-gsbp-f34ecce.gspb_row__col--6{width:66.66666666666667%}}@media (max-width:767.98px){#gspb_col-id-gsbp-f34ecce.gspb_row__col--6{width:100%}}@media (max-width:575.98px){#gspb_col-id-gsbp-f34ecce.gspb_row__col--6{width:100%}}#gspb_col-id-gsbp-da30a14.gspb_row__col--6{width:50%}@media (max-width:991.98px){#gspb_col-id-gsbp-da30a14.gspb_row__col--6{width:33.333333333333336%}}@media (max-width:767.98px){#gspb_col-id-gsbp-da30a14.gspb_row__col--6{width:100%}}@media (max-width:575.98px){#gspb_col-id-gsbp-da30a14.gspb_row__col--6{width:100%}}#gspb_col-id-gsbp-da30a14.gspb_row__col--6{background-color:var(--wp--preset--color--primary, #167787)}#gspb_row-id-gsbp-2fe8744>.gspb_row__content,#gspb_row-id-gsbp-dc443d3>.gspb_row__content{display:flex;justify-content:space-between;margin:0 auto;width:100%;flex-wrap:wrap;max-width:1200px}.gspb_container-id-gsbp-9d1f64c{flex-direction:column;box-sizing:border-box}#gspb_container-id-gsbp-2954648.gspb_container>p:last-of-type,#gspb_container-id-gsbp-9d1f64c.gspb_container>p:last-of-type{margin-bottom:0}#gspb_container-id-gsbp-9d1f64c.gspb_container{position:relative}#gspb_row-id-gsbp-59e54fb>.gspb_row__content{display:flex;justify-content:space-between;margin:0 auto;width:100%;flex-wrap:wrap;max-width:1200px}#gspb_row-id-gsbp-59e54fb{margin-bottom:0}#gspb_col-id-gsbp-a911a2a.gspb_row__col--6{width:50%}@media (max-width:991.98px){#gspb_col-id-gsbp-a911a2a.gspb_row__col--6{width:33.333333333333336%}}@media (max-width:767.98px){#gspb_col-id-gsbp-a911a2a.gspb_row__col--6{width:100%}}@media (max-width:575.98px){#gspb_col-id-gsbp-a911a2a.gspb_row__col--6{width:100%}}#gspb_col-id-gsbp-bb0b30c.gspb_row__col--6{width:50%}@media (max-width:991.98px){#gspb_col-id-gsbp-bb0b30c.gspb_row__col--6{width:66.66666666666667%}}@media (max-width:767.98px){#gspb_col-id-gsbp-bb0b30c.gspb_row__col--6{width:100%}}@media (max-width:575.98px){#gspb_col-id-gsbp-bb0b30c.gspb_row__col--6{width:100%}}@media (min-width:992px){body.gspb-bodyfront #gspb_col-id-gsbp-bb0b30c.gspb_row__col--6{width:calc(40.5% - 0px - 0px)}}#gspb_row-id-gsbp-047cf03{justify-content:space-between;margin-bottom:0;display:flex;flex-wrap:wrap;margin-top:80px}#gspb_row-id-gsbp-047cf03>.gspb_row__content{display:flex;justify-content:space-between;margin:0 auto;width:100%;flex-wrap:wrap;max-width:1200px}@media (max-width:575.98px){#gspb_row-id-gsbp-047cf03{margin-top:0}}#gspb_row-id-gsbp-047cf03{background-color:var(--wp--preset--color--secondary, #51c3c4)}#gspb_col-id-gsbp-a16f719.gspb_row__col--12{width:100%}@media (max-width:575.98px){#gspb_col-id-gsbp-a16f719.gspb_row__col--12{width:100%}}.gspb_row #gspb_col-id-gsbp-a16f719.gspb_row__col--12{margin-bottom:0;padding-bottom:0}#gspb_row-id-gsbp-4892b0f,#gspb_row-id-gsbp-fc3f603{justify-content:space-between;margin-top:0;display:flex;flex-wrap:wrap;margin-bottom:0}#gspb_row-id-gsbp-4892b0f{padding-top:0;padding-bottom:0}#gspb_row-id-gsbp-4892b0f>.gspb_row__content{display:flex;justify-content:space-between;margin:0 auto;width:100%;flex-wrap:wrap;max-width:1200px}#gspb_col-id-gsbp-1624454.gspb_row__col--6{width:50%}@media (max-width:991.98px){#gspb_col-id-gsbp-1624454.gspb_row__col--6{width:100%}}@media (max-width:767.98px){#gspb_col-id-gsbp-1624454.gspb_row__col--6{width:100%}}@media (max-width:575.98px){#gspb_col-id-gsbp-1624454.gspb_row__col--6{width:100%}}@media (min-width:992px){body.gspb-bodyfront #gspb_col-id-gsbp-1624454.gspb_row__col--6{width:calc(45.2% - 0px - 0px)}}#gspb_col-id-gsbp-4546551.gspb_row__col--6{width:50%}@media (max-width:991.98px){#gspb_col-id-gsbp-4546551.gspb_row__col--6{width:100%}}@media (max-width:767.98px){#gspb_col-id-gsbp-4546551.gspb_row__col--6{width:100%}}@media (max-width:575.98px){#gspb_col-id-gsbp-4546551.gspb_row__col--6{width:100%}}@media (min-width:992px){body.gspb-bodyfront #gspb_col-id-gsbp-4546551.gspb_row__col--6{width:calc(54.8% - 0px - 0px)}}.gspb_row #gspb_col-id-gsbp-4546551.gspb_row__col--6{margin-top:-140px}.gspb_container-id-gsbp-2954648{flex-direction:column;box-sizing:border-box}#gspb_container-id-gsbp-2954648.gspb_container,.gspb_row{position:relative}#gspb_row-id-gsbp-fc3f603{background-color:var(--wp--preset--color--primary, #167787)}#gspb_row-id-gsbp-fc3f603>.gspb_row__content{display:flex;justify-content:space-between;margin:0 auto;width:100%;flex-wrap:wrap;max-width:1200px}#gspb_col-id-gsbp-8b9b3f5.gspb_row__col--12{width:100%}@media (max-width:575.98px){#gspb_col-id-gsbp-8b9b3f5.gspb_row__col--12{width:100%}}#gspb_row-id-gsbp-0584db3,#gspb_row-id-gsbp-a4222a3,#gspb_row-id-gsbp-e2df71a{justify-content:space-between;margin-bottom:0;display:flex;flex-wrap:wrap;margin-top:14px}#gspb_row-id-gsbp-0584db3>.gspb_row__content{display:flex;justify-content:space-between;margin:0 auto;width:100%;flex-wrap:wrap;max-width:1200px}#gspb_col-id-gsbp-7c563b3.gspb_row__col--4{width:33.333333333333336%}@media (max-width:991.98px){#gspb_col-id-gsbp-7c563b3.gspb_row__col--4{width:50%}}@media (max-width:767.98px){#gspb_col-id-gsbp-7c563b3.gspb_row__col--4{width:50%}}@media (max-width:575.98px){#gspb_col-id-gsbp-7c563b3.gspb_row__col--4{width:100%}}@media (min-width:992px){body.gspb-bodyfront #gspb_col-id-gsbp-7c563b3.gspb_row__col--4{width:calc(28.63% - 0px - 0px)}}@media (min-width:576px) and (max-width:767.98px){body.gspb-bodyfront #gspb_col-id-gsbp-7c563b3.gspb_row__col--4{width:calc(43.9% - 0px - 0px)}}#gspb_col-id-gsbp-d6b1e70.gspb_row__col--4{width:33.333333333333336%}@media (max-width:991.98px){#gspb_col-id-gsbp-d6b1e70.gspb_row__col--4{width:50%}}@media (max-width:767.98px){#gspb_col-id-gsbp-d6b1e70.gspb_row__col--4{width:50%}}@media (max-width:575.98px){#gspb_col-id-gsbp-d6b1e70.gspb_row__col--4{width:100%}}@media (min-width:992px){body.gspb-bodyfront #gspb_col-id-gsbp-d6b1e70.gspb_row__col--4{width:calc(25.63% - 0px - 0px)}}@media (min-width:576px) and (max-width:767.98px){body.gspb-bodyfront #gspb_col-id-gsbp-d6b1e70.gspb_row__col--4{width:calc(56.1% - 0px - 0px)}}#gspb_row-id-gsbp-a4222a3,#gspb_row-id-gsbp-e2df71a{margin-top:0}#gspb_row-id-gsbp-a4222a3>.gspb_row__content{display:flex;justify-content:space-between;margin:0 auto;width:100%;flex-wrap:wrap;max-width:1200px}#gspb_col-id-gsbp-58332b2.gspb_row__col--4{width:33.333333333333336%}@media (max-width:575.98px){#gspb_col-id-gsbp-58332b2.gspb_row__col--4{width:100%}}@media (min-width:992px){body.gspb-bodyfront #gspb_col-id-gsbp-58332b2.gspb_row__col--4{width:calc(19.03% - 0px - 0px)}}@media (min-width:576px) and (max-width:767.98px){body.gspb-bodyfront #gspb_col-id-gsbp-58332b2.gspb_row__col--4{width:calc(21.63% - 0px - 0px)}}.gspb_row #gspb_col-id-gsbp-1105c89.gspb_row__col--4,.gspb_row #gspb_col-id-gsbp-58332b2.gspb_row__col--4,.gspb_row #gspb_col-id-gsbp-6eff4db.gspb_row__col--8,.gspb_row #gspb_col-id-gsbp-a6ee085.gspb_row__col--6{margin:0;padding:0}#gspb_col-id-gsbp-6eff4db.gspb_row__col--8{width:66.66666666666667%}@media (max-width:575.98px){#gspb_col-id-gsbp-6eff4db.gspb_row__col--8{width:100%}}@media (min-width:992px){body.gspb-bodyfront #gspb_col-id-gsbp-6eff4db.gspb_row__col--8{width:calc(80.94% - 0px - 0px)}}@media (min-width:576px) and (max-width:767.98px){body.gspb-bodyfront #gspb_col-id-gsbp-6eff4db.gspb_row__col--8{width:calc(78.36% - 0px - 0px)}}#gspb_row-id-gsbp-e2df71a{margin-top:2px}#gspb_row-id-gsbp-e2df71a>.gspb_row__content{display:flex;justify-content:space-between;margin:0 auto;width:100%;flex-wrap:wrap;max-width:1200px}@media (max-width:767.98px){#gspb_row-id-gsbp-e2df71a{margin-top:0;margin-bottom:0}}#gspb_col-id-gsbp-7bf8f1a.gspb_row__col--6{width:50%}@media (max-width:575.98px){#gspb_col-id-gsbp-7bf8f1a.gspb_row__col--6{width:100%}}@media (min-width:992px){body.gspb-bodyfront #gspb_col-id-gsbp-7bf8f1a.gspb_row__col--6{width:calc(24.2% - 0px - 0px)}}@media (min-width:576px) and (max-width:991.98px){body.gspb-bodyfront #gspb_col-id-gsbp-7bf8f1a.gspb_row__col--6{width:calc(32.2% - 0px - 0px)}}@media (min-width:576px) and (max-width:767.98px){body.gspb-bodyfront #gspb_col-id-gsbp-7bf8f1a.gspb_row__col--6{width:calc(32.3% - 0px - 0px)}}#gspb_col-id-gsbp-a6ee085.gspb_row__col--6{width:50%}@media (max-width:575.98px){#gspb_col-id-gsbp-a6ee085.gspb_row__col--6{width:100%}}@media (min-width:992px){body.gspb-bodyfront #gspb_col-id-gsbp-a6ee085.gspb_row__col--6{width:calc(75.79% - 0px - 0px)}}@media (min-width:576px) and (max-width:991.98px){body.gspb-bodyfront #gspb_col-id-gsbp-a6ee085.gspb_row__col--6{width:calc(67.8% - 0px - 0px)}}@media (min-width:576px) and (max-width:767.98px){body.gspb-bodyfront #gspb_col-id-gsbp-a6ee085.gspb_row__col--6{width:calc(67.7% - 0px - 0px)}}#gspb_col-id-gsbp-1105c89.gspb_row__col--4{width:33.333333333333336%}@media (max-width:991.98px){#gspb_col-id-gsbp-1105c89.gspb_row__col--4{width:100%}}@media (max-width:767.98px){#gspb_col-id-gsbp-1105c89.gspb_row__col--4{width:100%}}@media (max-width:575.98px){#gspb_col-id-gsbp-1105c89.gspb_row__col--4{width:100%}}@media (min-width:992px){body.gspb-bodyfront #gspb_col-id-gsbp-1105c89.gspb_row__col--4{width:calc(45.72% - 0px - 0px)}}#gspb_row-id-gsbp-7454514,#gspb_row-id-gsbp-b1f2d56{justify-content:space-between;margin-top:0;display:flex;flex-wrap:wrap}#gspb_row-id-gsbp-b1f2d56{margin-bottom:0}#gspb_row-id-gsbp-b1f2d56>.gspb_row__content{display:flex;justify-content:space-between;margin:0 auto;width:100%;flex-wrap:wrap;max-width:1200px}#gspb_col-id-gsbp-38c4308.gspb_row__col--6{width:50%}@media (max-width:575.98px){#gspb_col-id-gsbp-38c4308.gspb_row__col--6{width:100%}}@media (min-width:992px){body.gspb-bodyfront #gspb_col-id-gsbp-38c4308.gspb_row__col--6{width:calc(45.3% - 0px - 0px)}}@media (min-width:576px) and (max-width:767.98px){body.gspb-bodyfront #gspb_col-id-gsbp-38c4308.gspb_row__col--6{width:calc(48.4% - 0px - 0px)}}#gspb_col-id-gsbp-92fbb15.gspb_row__col--6{width:50%}@media (max-width:575.98px){#gspb_col-id-gsbp-92fbb15.gspb_row__col--6{width:100%}}@media (min-width:992px){body.gspb-bodyfront #gspb_col-id-gsbp-92fbb15.gspb_row__col--6{width:calc(54.7% - 0px - 0px)}}@media (min-width:576px) and (max-width:767.98px){body.gspb-bodyfront #gspb_col-id-gsbp-92fbb15.gspb_row__col--6{width:calc(51.6% - 0px - 0px)}}#gspb_row-id-gsbp-7454514>.gspb_row__content{display:flex;justify-content:space-between;margin:0 auto;width:100%;flex-wrap:wrap;max-width:1200px}#gspb_row-id-gsbp-7454514{margin-bottom:0;background-color:var(--wp--preset--color--secondary, #51c3c4)}#gspb_col-id-gsbp-eeb7995.gspb_row__col--12{width:100%}@media (max-width:575.98px){#gspb_col-id-gsbp-eeb7995.gspb_row__col--12{width:100%}}#gspb_row-id-gsbp-ad28678{justify-content:space-between;margin-bottom:0;display:flex;flex-wrap:wrap;margin-top:14px}#gspb_row-id-gsbp-ad28678>.gspb_row__content{display:flex;justify-content:space-between;margin:0 auto;width:100%;flex-wrap:wrap;max-width:1200px}.gspb_id-gsbp-7fd88b1,.gspb_id-gsbp-93ce3ae{display:flex}.gspb_id-gsbp-93ce3ae .gspb_map-wrapper{width:90%;height:220px;isolation:isolate}.gspb_id-gsbp-7fd88b1 .gspb_map-wrapper{width:160%;height:120px;isolation:isolate}","footnotes":""},"class_list":["post-13","page","type-page","status-publish","hentry"],"yoast_head":"<!-- This site is optimized with the Yoast SEO plugin v25.6 - https:\/\/yoast.com\/wordpress\/plugins\/seo\/ -->\n<title>Strona g\u0142\u00f3wna - Akademia Malucha &quot;Mali odkrywcy&quot;<\/title>\n<meta name=\"description\" content=\"Akademia Malucha \u201eMali odkrywcy\u201d to domowy komfort i bezpiecze\u0144stwo, bogaty program zaj\u0119\u0107, inspiruj\u0105cych do zdobywania nowych umiej\u0119tno\u015bci. Akademia Malucha &quot;Mali odkrywcy&quot;\" \/>\n<meta name=\"robots\" content=\"index, follow, max-snippet:-1, max-image-preview:large, max-video-preview:-1\" \/>\n<link rel=\"canonical\" href=\"https:\/\/akademiaodkrywcy.com\/\" \/>\n<meta property=\"og:locale\" content=\"pl_PL\" \/>\n<meta property=\"og:type\" content=\"article\" \/>\n<meta property=\"og:title\" content=\"Strona g\u0142\u00f3wna - Akademia Malucha &quot;Mali odkrywcy&quot;\" \/>\n<meta property=\"og:description\" content=\"Akademia Malucha \u201eMali odkrywcy\u201d to domowy komfort i bezpiecze\u0144stwo, bogaty program zaj\u0119\u0107, inspiruj\u0105cych do zdobywania nowych umiej\u0119tno\u015bci. Akademia Malucha &quot;Mali odkrywcy&quot;\" \/>\n<meta property=\"og:url\" content=\"https:\/\/akademiaodkrywcy.com\/\" \/>\n<meta property=\"og:site_name\" content=\"Akademia Malucha &quot;Mali odkrywcy&quot;\" \/>\n<meta property=\"article:modified_time\" content=\"2025-07-27T16:45:28+00:00\" \/>\n<meta name=\"twitter:card\" content=\"summary_large_image\" \/>\n<script type=\"application\/ld+json\" class=\"yoast-schema-graph\">{\"@context\":\"https:\/\/schema.org\",\"@graph\":[{\"@type\":\"WebPage\",\"@id\":\"https:\/\/akademiaodkrywcy.com\/\",\"url\":\"https:\/\/akademiaodkrywcy.com\/\",\"name\":\"Strona g\u0142\u00f3wna - Akademia Malucha &quot;Mali odkrywcy&quot;\",\"isPartOf\":{\"@id\":\"https:\/\/akademiaodkrywcy.com\/#website\"},\"datePublished\":\"2025-06-16T19:16:03+00:00\",\"dateModified\":\"2025-07-27T16:45:28+00:00\",\"description\":\"Akademia Malucha \u201eMali odkrywcy\u201d to domowy komfort i bezpiecze\u0144stwo, bogaty program zaj\u0119\u0107, inspiruj\u0105cych do zdobywania nowych umiej\u0119tno\u015bci. Akademia Malucha &quot;Mali odkrywcy&quot;\",\"breadcrumb\":{\"@id\":\"https:\/\/akademiaodkrywcy.com\/#breadcrumb\"},\"inLanguage\":\"pl-PL\",\"potentialAction\":[{\"@type\":\"ReadAction\",\"target\":[\"https:\/\/akademiaodkrywcy.com\/\"]}]},{\"@type\":\"BreadcrumbList\",\"@id\":\"https:\/\/akademiaodkrywcy.com\/#breadcrumb\",\"itemListElement\":[{\"@type\":\"ListItem\",\"position\":1,\"name\":\"Strona g\u0142\u00f3wna\",\"item\":\"https:\/\/akademiaodkrywcy.com\/\"},{\"@type\":\"ListItem\",\"position\":2,\"name\":\"Strona g\u0142\u00f3wna\"}]},{\"@type\":\"WebSite\",\"@id\":\"https:\/\/akademiaodkrywcy.com\/#website\",\"url\":\"https:\/\/akademiaodkrywcy.com\/\",\"name\":\"Akademia Malucha &quot;Mali odkrywcy&quot;\",\"description\":\"Pozw\u00f3l Swojemu dziecku  zosta\u0107 ma\u0142ym odkrywc\u0105!\",\"potentialAction\":[{\"@type\":\"SearchAction\",\"target\":{\"@type\":\"EntryPoint\",\"urlTemplate\":\"https:\/\/akademiaodkrywcy.com\/?s={search_term_string}\"},\"query-input\":{\"@type\":\"PropertyValueSpecification\",\"valueRequired\":true,\"valueName\":\"search_term_string\"}}],\"inLanguage\":\"pl-PL\"}]}<\/script>\n<!-- \/ Yoast SEO plugin. -->","yoast_head_json":{"title":"Strona g\u0142\u00f3wna - Akademia Malucha &quot;Mali odkrywcy&quot;","description":"Akademia Malucha \u201eMali odkrywcy\u201d to domowy komfort i bezpiecze\u0144stwo, bogaty program zaj\u0119\u0107, inspiruj\u0105cych do zdobywania nowych umiej\u0119tno\u015bci. Akademia Malucha &quot;Mali odkrywcy&quot;","robots":{"index":"index","follow":"follow","max-snippet":"max-snippet:-1","max-image-preview":"max-image-preview:large","max-video-preview":"max-video-preview:-1"},"canonical":"https:\/\/akademiaodkrywcy.com\/","og_locale":"pl_PL","og_type":"article","og_title":"Strona g\u0142\u00f3wna - Akademia Malucha &quot;Mali odkrywcy&quot;","og_description":"Akademia Malucha \u201eMali odkrywcy\u201d to domowy komfort i bezpiecze\u0144stwo, bogaty program zaj\u0119\u0107, inspiruj\u0105cych do zdobywania nowych umiej\u0119tno\u015bci. Akademia Malucha &quot;Mali odkrywcy&quot;","og_url":"https:\/\/akademiaodkrywcy.com\/","og_site_name":"Akademia Malucha &quot;Mali odkrywcy&quot;","article_modified_time":"2025-07-27T16:45:28+00:00","twitter_card":"summary_large_image","schema":{"@context":"https:\/\/schema.org","@graph":[{"@type":"WebPage","@id":"https:\/\/akademiaodkrywcy.com\/","url":"https:\/\/akademiaodkrywcy.com\/","name":"Strona g\u0142\u00f3wna - Akademia Malucha &quot;Mali odkrywcy&quot;","isPartOf":{"@id":"https:\/\/akademiaodkrywcy.com\/#website"},"datePublished":"2025-06-16T19:16:03+00:00","dateModified":"2025-07-27T16:45:28+00:00","description":"Akademia Malucha \u201eMali odkrywcy\u201d to domowy komfort i bezpiecze\u0144stwo, bogaty program zaj\u0119\u0107, inspiruj\u0105cych do zdobywania nowych umiej\u0119tno\u015bci. Akademia Malucha &quot;Mali odkrywcy&quot;","breadcrumb":{"@id":"https:\/\/akademiaodkrywcy.com\/#breadcrumb"},"inLanguage":"pl-PL","potentialAction":[{"@type":"ReadAction","target":["https:\/\/akademiaodkrywcy.com\/"]}]},{"@type":"BreadcrumbList","@id":"https:\/\/akademiaodkrywcy.com\/#breadcrumb","itemListElement":[{"@type":"ListItem","position":1,"name":"Strona g\u0142\u00f3wna","item":"https:\/\/akademiaodkrywcy.com\/"},{"@type":"ListItem","position":2,"name":"Strona g\u0142\u00f3wna"}]},{"@type":"WebSite","@id":"https:\/\/akademiaodkrywcy.com\/#website","url":"https:\/\/akademiaodkrywcy.com\/","name":"Akademia Malucha &quot;Mali odkrywcy&quot;","description":"Pozw\u00f3l Swojemu dziecku  zosta\u0107 ma\u0142ym odkrywc\u0105!","potentialAction":[{"@type":"SearchAction","target":{"@type":"EntryPoint","urlTemplate":"https:\/\/akademiaodkrywcy.com\/?s={search_term_string}"},"query-input":{"@type":"PropertyValueSpecification","valueRequired":true,"valueName":"search_term_string"}}],"inLanguage":"pl-PL"}]}},"_links":{"self":[{"href":"https:\/\/akademiaodkrywcy.com\/index.php?rest_route=\/wp\/v2\/pages\/13","targetHints":{"allow":["GET"]}}],"collection":[{"href":"https:\/\/akademiaodkrywcy.com\/index.php?rest_route=\/wp\/v2\/pages"}],"about":[{"href":"https:\/\/akademiaodkrywcy.com\/index.php?rest_route=\/wp\/v2\/types\/page"}],"author":[{"embeddable":true,"href":"https:\/\/akademiaodkrywcy.com\/index.php?rest_route=\/wp\/v2\/users\/1"}],"replies":[{"embeddable":true,"href":"https:\/\/akademiaodkrywcy.com\/index.php?rest_route=%2Fwp%2Fv2%2Fcomments&post=13"}],"version-history":[{"count":27,"href":"https:\/\/akademiaodkrywcy.com\/index.php?rest_route=\/wp\/v2\/pages\/13\/revisions"}],"predecessor-version":[{"id":1789,"href":"https:\/\/akademiaodkrywcy.com\/index.php?rest_route=\/wp\/v2\/pages\/13\/revisions\/1789"}],"wp:attachment":[{"href":"https:\/\/akademiaodkrywcy.com\/index.php?rest_route=%2Fwp%2Fv2%2Fmedia&parent=13"}],"curies":[{"name":"wp","href":"https:\/\/api.w.org\/{rel}","templated":true}]}}